
{"id":15,"date":"2017-05-18T10:36:02","date_gmt":"2017-05-18T08:36:02","guid":{"rendered":"https:\/\/przedszkole91.edu.wroclaw.pl\/?page_id=15"},"modified":"2024-07-01T08:59:19","modified_gmt":"2024-07-01T06:59:19","slug":"strona-glowna","status":"publish","type":"page","link":"https:\/\/przedszkole91.edu.wroclaw.pl\/","title":{"rendered":"Strona g\u0142\u00f3wna"},"content":{"rendered":"<div class=\"wpb-content-wrapper\"><p>[vc_row][vc_column][vc_column_text css_animation=&#8221;fadeInRightBig&#8221;]<\/p>\n<h3 style=\"text-align: center;\"><span style=\"color: #a50000; font-size: 24pt;\">O przedszkolu<\/span><\/h3>\n<p>[\/vc_column_text][vc_separator color=&#8221;custom&#8221; border_width=&#8221;4&#8243; el_width=&#8221;50&#8243; css_animation=&#8221;fadeInLeft&#8221; custom_sparator_width=&#8221;155px&#8221; accent_color=&#8221;#a50000&#8243; css=&#8221;.vc_custom_1656496983315{margin-top: -20px !important;}&#8221;][\/vc_column][\/vc_row][vc_row][vc_column width=&#8221;1\/2&#8243;][vc_column_text css_animation=&#8221;fadeInUpBig&#8221;]<\/p>\n<p style=\"text-align: left;\"><span style=\"color: #000000; font-size: 14pt;\">Przedszkole &#8222;Nasz Domek&#8221; to przytulne i przyjazne miejsce, w kt\u00f3rym pomagamy budowa\u0107 przysz\u0142o\u015b\u0107 dziecka. Czynimy to poprzez fachow\u0105 diagnoz\u0119 potencja\u0142u rozwojowego dziecka:<\/span><\/p>\n<ul style=\"text-align: left;\">\n<li><span style=\"color: #000000; font-size: 14pt;\">odkrywamy uzdolnienia i zainteresowania dziecka, proponujemy stymulacj\u0119 adekwatn\u0105 do mo\u017cliwo\u015bci dziecka.<\/span><\/li>\n<li><span style=\"color: #000000; font-size: 14pt;\">Identyfikujemy deficyty rozwojowe, pomagamy dzieciom zagro\u017conym dysleksj\u0105.<\/span><\/li>\n<\/ul>\n<p style=\"text-align: left;\"><span style=\"color: #000000; font-size: 14pt;\">Budynek przedszkola jest usytuowany w centrum Wroc\u0142awia, mi\u0119dzy Placem Hirszfelda a Placem Powsta\u0144c\u00f3w \u015al\u0105skich. Do przedszkola przylega od strony po\u0142udniowej du\u017cy, zazieleniony plac zabaw z piaskownicami i drewnianym sprz\u0119tem rekreacyjnym o powierzchni ok. 2.500 m<sup>2<\/sup>.<\/span><\/p>\n<p>[\/vc_column_text][\/vc_column][vc_column width=&#8221;1\/2&#8243;][vc_empty_space height=&#8221;64px&#8221;][vc_column_text css_animation=&#8221;fadeInUp&#8221;]<img loading=\"lazy\" decoding=\"async\" class=\" wp-image-132 aligncenter\" src=\"https:\/\/przedszkole91.edu.wroclaw.pl\/wp-content\/uploads\/sites\/31\/2017\/05\/p91-300x152.png\" alt=\"obrazek\" width=\"549\" height=\"278\" srcset=\"https:\/\/przedszkole91.edu.wroclaw.pl\/wp-content\/uploads\/sites\/31\/2017\/05\/p91-300x152.png 300w, https:\/\/przedszkole91.edu.wroclaw.pl\/wp-content\/uploads\/sites\/31\/2017\/05\/p91-768x389.png 768w, https:\/\/przedszkole91.edu.wroclaw.pl\/wp-content\/uploads\/sites\/31\/2017\/05\/p91-600x304.png 600w, https:\/\/przedszkole91.edu.wroclaw.pl\/wp-content\/uploads\/sites\/31\/2017\/05\/p91-624x316.png 624w, https:\/\/przedszkole91.edu.wroclaw.pl\/wp-content\/uploads\/sites\/31\/2017\/05\/p91.png 925w\" sizes=\"auto, (max-width: 549px) 100vw, 549px\" \/>[\/vc_column_text][\/vc_column][\/vc_row][vc_row][vc_column][vc_column_text css_animation=&#8221;fadeInUp&#8221;]<\/p>\n<p style=\"text-align: left;\"><span style=\"font-size: 14pt;\">Przedszkole jest czynne w godzinach od 6:30 do 17:00, od poniedzia\u0142ku do pi\u0105tku. W jednym z miesi\u0119cy wakacyjnych przedszkole nie prowadzi opieki nad dzie\u0107mi, w\u00f3wczas dy\u017cur prowadzi zaprzyja\u017anione przedszkole. Przedszkole prowadzi cztery grupy przedszkolne, do 25 dzieci w grupie. Kadr\u0119 przedszkola stanowi\u0105 wykwalifikowani nauczyciele, stale dokszta\u0142caj\u0105cy si\u0119 i doskonal\u0105cy sw\u00f3j warsztat pracy, posiadaj\u0105cy wysokie kompetencje pedagogiczne. Dzieci le\u017cakuj\u0105 tylko w najm\u0142odszej grupie, w tym czasie s\u0142uchaj\u0105 bajek i muzyki relaksacyjnej. Przedszkolne sale s\u0105 kolorowe i atrakcyjnie zaaran\u017cowane, stale wzbogacane o nowoczesne pomoce dydaktyczne stymuluj\u0105ce rozw\u00f3j dziecka. Serwujemy posi\u0142ki smaczne, zdrowe i urozmaicone. W kolejno\u015bci: I \u015bniadanie, II \u015bniadanie oraz obiad. Przy stole nauczamy wy\u0142\u0105cznie dobrych manier.<\/span><\/p>\n<p>[\/vc_column_text][\/vc_column][\/vc_row][vc_row][vc_column][vc_single_image image=&#8221;505&#8243; img_size=&#8221;large&#8221; alignment=&#8221;center&#8221;][\/vc_column][\/vc_row]<\/p>\n<\/div>","protected":false},"excerpt":{"rendered":"<p>[vc_row][vc_column][vc_column_text css_animation=&#8221;fadeInRightBig&#8221;] O przedszkolu [\/vc_column_text][vc_separator color=&#8221;custom&#8221; border_width=&#8221;4&#8243; el_width=&#8221;50&#8243; css_animation=&#8221;fadeInLeft&#8221; custom_sparator_width=&#8221;155px&#8221; accent_color=&#8221;#a50000&#8243; css=&#8221;.vc_custom_1656496983315{margin-top: -20px !important;}&#8221;][\/vc_column][\/vc_row][vc_row][vc_column width=&#8221;1\/2&#8243;][vc_column_text css_animation=&#8221;fadeInUpBig&#8221;] Przedszkole &#8222;Nasz Domek&#8221; to przytulne i przyjazne miejsce, w kt\u00f3rym pomagamy budowa\u0107 przysz\u0142o\u015b\u0107 dziecka. [&hellip;]<\/p>\n","protected":false},"author":15,"featured_media":0,"parent":0,"menu_order":0,"comment_status":"closed","ping_status":"closed","template":"","meta":{"footnotes":""},"class_list":["post-15","page","type-page","status-publish","hentry","clearfix"],"_links":{"self":[{"href":"https:\/\/przedszkole91.edu.wroclaw.pl\/index.php\/wp-json\/wp\/v2\/pages\/15","targetHints":{"allow":["GET"]}}],"collection":[{"href":"https:\/\/przedszkole91.edu.wroclaw.pl\/index.php\/wp-json\/wp\/v2\/pages"}],"about":[{"href":"https:\/\/przedszkole91.edu.wroclaw.pl\/index.php\/wp-json\/wp\/v2\/types\/page"}],"author":[{"embeddable":true,"href":"https:\/\/przedszkole91.edu.wroclaw.pl\/index.php\/wp-json\/wp\/v2\/users\/15"}],"replies":[{"embeddable":true,"href":"https:\/\/przedszkole91.edu.wroclaw.pl\/index.php\/wp-json\/wp\/v2\/comments?post=15"}],"version-history":[{"count":90,"href":"https:\/\/przedszkole91.edu.wroclaw.pl\/index.php\/wp-json\/wp\/v2\/pages\/15\/revisions"}],"predecessor-version":[{"id":3878,"href":"https:\/\/przedszkole91.edu.wroclaw.pl\/index.php\/wp-json\/wp\/v2\/pages\/15\/revisions\/3878"}],"wp:attachment":[{"href":"https:\/\/przedszkole91.edu.wroclaw.pl\/index.php\/wp-json\/wp\/v2\/media?parent=15"}],"curies":[{"name":"wp","href":"https:\/\/api.w.org\/{rel}","templated":true}]}}