
{"id":412,"date":"2022-07-18T10:43:50","date_gmt":"2022-07-18T08:43:50","guid":{"rendered":"https:\/\/przedszkole91.edu.wroclaw.pl\/?page_id=412"},"modified":"2026-02-23T13:30:45","modified_gmt":"2026-02-23T12:30:45","slug":"dokumenty","status":"publish","type":"page","link":"https:\/\/przedszkole91.edu.wroclaw.pl\/index.php\/dokumenty\/","title":{"rendered":"Dokumenty"},"content":{"rendered":"<div class=\"wpb-content-wrapper\"><p>[vc_row][vc_column][vc_column_text][\/vc_column_text][vc_empty_space][vc_column_text]<\/p>\n<h3><strong>Statut Przedszkola nr 91 &#8222;Nasz Domek&#8221;<\/strong><\/h3>\n<p><a href=\"https:\/\/przedszkole91.edu.wroclaw.pl\/wp-content\/uploads\/sites\/31\/2023\/03\/Statut-Przedszkola-nr-91.pdf\">Statut Przedszkola nr 91<\/a>[\/vc_column_text][vc_separator color=&#8221;custom&#8221; border_width=&#8221;2&#8243; accent_color=&#8221;#a10202&#8243;][vc_column_text css=&#8221;&#8221;]<\/p>\n<h3><strong>KSeF &#8211; wystawianie faktur dla Przedszkola nr 91 &#8222;Nasz Domek&#8221;<\/strong><\/h3>\n<p><a href=\"https:\/\/przedszkole91.edu.wroclaw.pl\/wp-content\/uploads\/sites\/31\/2026\/01\/KSeF.pdf\">KSeF<\/a>[\/vc_column_text][vc_separator color=&#8221;custom&#8221; border_width=&#8221;2&#8243; accent_color=&#8221;#a10202&#8243;][vc_column_text css=&#8221;&#8221;]<\/p>\n<h3><strong>Dieta Wegetaria\u0144ska w \u017cywieniu dzieci<\/strong><\/h3>\n<p><a href=\"https:\/\/przedszkole91.edu.wroclaw.pl\/wp-content\/uploads\/sites\/31\/2025\/01\/regulamin-korzystania-z-zywienia-P091.pdf\">regulamin korzystania z \u017cywienia P091<\/a><\/p>\n<p><a href=\"https:\/\/przedszkole91.edu.wroclaw.pl\/wp-content\/uploads\/sites\/31\/2025\/01\/Jadlospis-dieta-wegetarianska.pdf\">Jad\u0142ospis dieta wegetaria\u0144ska<\/a>[\/vc_column_text][vc_separator color=&#8221;custom&#8221; border_width=&#8221;2&#8243; accent_color=&#8221;#a10202&#8243;][vc_column_text css=&#8221;&#8221;]<\/p>\n<h3><strong><span class=\"JdFsz\" title=\"REKRUTACJA 2025 - PRZEDSZKOLA I ODDZIA\u0141Y PRZEDSZKOLE - ZASADY I MATERIA\u0141Y\">REKRUTACJA 2026 &#8211; PRZEDSZKOLA I ODDZIA\u0141Y PRZEDSZKOLE &#8211; ZASADY I MATERIA\u0141Y<\/span><\/strong><\/h3>\n<p><a href=\"https:\/\/przedszkole91.edu.wroclaw.pl\/wp-content\/uploads\/sites\/31\/2026\/01\/BIULETYN-INFORMACYJNY.pdf\">BIULETYN INFORMAC<\/a><a href=\"https:\/\/przedszkole91.edu.wroclaw.pl\/wp-content\/uploads\/sites\/31\/2026\/01\/BIULETYN-INFORMACYJNY.pdf\">YJNY<\/a><\/p>\n<p><a href=\"https:\/\/przedszkole91.edu.wroclaw.pl\/wp-content\/uploads\/sites\/31\/2026\/01\/HARMONOGRAM-DLA-RODZICOW-ETAP-PODSTAWOWY.pdf\">HARMONOGRAM DLA RODZIC\u00d3W &#8211; ETAP PODSTAWOWY<\/a><\/p>\n<p><a href=\"https:\/\/przedszkole91.edu.wroclaw.pl\/wp-content\/uploads\/sites\/31\/2026\/01\/HARMONOGRAM-DLA-RODZICOW-ETAP-UZUPELNIAJACY.pdf\">HARMONOGRAM DLA RODZIC\u00d3W &#8211; ETAP UZUPE\u0141NIAJ\u0104CY<\/a><\/p>\n<p><a href=\"https:\/\/przedszkole91.edu.wroclaw.pl\/wp-content\/uploads\/sites\/31\/2026\/01\/INFORMACJE-OGOLNE.pdf\">INFORMACJE OG\u00d3<\/a><a href=\"https:\/\/przedszkole91.edu.wroclaw.pl\/wp-content\/uploads\/sites\/31\/2026\/01\/INFORMACJE-OGOLNE.pdf\">LNE<\/a><\/p>\n<p><a href=\"https:\/\/przedszkole91.edu.wroclaw.pl\/wp-content\/uploads\/sites\/31\/2026\/01\/UDZIAL-W-REKRUTACJI.pdf\">UDZIA\u0141 W REKRUTACJI<\/a><\/p>\n<p><a href=\"https:\/\/przedszkole91.edu.wroclaw.pl\/wp-content\/uploads\/sites\/31\/2026\/01\/DOCHOD.pdf\">DOCH\u00d3D<\/a><\/p>\n<p><a href=\"https:\/\/przedszkole91.edu.wroclaw.pl\/wp-content\/uploads\/sites\/31\/2026\/01\/DZIECI-O-SPECJALNYCH-POTRZEBACH.pdf\">DZIECI O SPECJALNYCH POTRZEBACH<\/a><\/p>\n<p><a href=\"https:\/\/przedszkole91.edu.wroclaw.pl\/wp-content\/uploads\/sites\/31\/2026\/01\/KOMUNIKAT.pdf\">KOMUNIKAT<\/a><\/p>\n<p><a href=\"https:\/\/przedszkole91.edu.wroclaw.pl\/wp-content\/uploads\/sites\/31\/2026\/01\/KONTYNUACJA.pdf\">KONTYNUACJA<\/a><\/p>\n<p><a href=\"https:\/\/przedszkole91.edu.wroclaw.pl\/wp-content\/uploads\/sites\/31\/2026\/01\/KRYTERIA-.pdf\">KRYTERIA <\/a><a href=\"https:\/\/przedszkole91.edu.wroclaw.pl\/wp-content\/uploads\/sites\/31\/2026\/01\/ODWOLANIA.pdf\">ODWO\u0141ANIA<\/a><\/p>\n<p><a href=\"https:\/\/przedszkole91.edu.wroclaw.pl\/wp-content\/uploads\/sites\/31\/2026\/01\/PODSTAWY-PRAWNE.pdf\">PODSTAWY PRAWNE<\/a><\/p>\n<p><a href=\"https:\/\/przedszkole91.edu.wroclaw.pl\/wp-content\/uploads\/sites\/31\/2026\/01\/SAMOTNE-WYCHOWANIE.pdf\">SAMOTNE WYCHOWANIE<\/a><\/p>\n<p><a href=\"https:\/\/przedszkole91.edu.wroclaw.pl\/wp-content\/uploads\/sites\/31\/2026\/01\/WSPARCIE-TECHNICZNE.pdf\">WSPARCIE TECHNICZNE<\/a><\/p>\n<p>[\/vc_column_text][vc_separator color=&#8221;custom&#8221; border_width=&#8221;2&#8243; accent_color=&#8221;#a10202&#8243;][vc_column_text]<\/p>\n<h3><strong>Nowe procedury<\/strong><\/h3>\n<p><a href=\"https:\/\/przedszkole91.edu.wroclaw.pl\/wp-content\/uploads\/sites\/31\/2022\/11\/procedura-dotyczaca-wylaczenia-ogrzewania.pdf\">procedura dotycz\u0105ca wy\u0142\u0105czenia ogrzewania<\/a><\/p>\n<p><a href=\"https:\/\/przedszkole91.edu.wroclaw.pl\/wp-content\/uploads\/sites\/31\/2022\/11\/procedura-dotyczaca-wylaczenia-pradu.pdf\">procedura dotycz\u0105ca wy\u0142\u0105czenia pr\u0105du<\/a>[\/vc_column_text][\/vc_column][vc_column][\/vc_column][\/vc_row][vc_row][vc_column][vc_column_text][\/vc_column_text][vc_column_text]<\/p>\n<h3><strong>Standardy ochrony dzieci przed krzywdzeniem<br \/>\n<\/strong><\/h3>\n<p><a href=\"https:\/\/przedszkole91.edu.wroclaw.pl\/wp-content\/uploads\/sites\/31\/2024\/02\/STANDARDY-OCHRONY-DZIECI-PRZED-KRZYWDZENIEM-przedszkole-nr-91.pdf\">STANDARDY OCHRONY DZIECI PRZED KRZYWDZENIEM przedszkole nr 91<\/a>[\/vc_column_text][vc_column_text][\/vc_column_text][\/vc_column][\/vc_row][vc_row][vc_column][vc_separator color=&#8221;custom&#8221; border_width=&#8221;2&#8243; accent_color=&#8221;#a10202&#8243;][\/vc_column][vc_column][vc_column_text]<\/p>\n<h3><strong>Zapraszamy Rodzic\u00f3w do zapoznania si\u0119 z listem Dolno\u015bl\u0105skiego Kuratora O\u015bwiaty.<\/strong><\/h3>\n<p>&nbsp;<\/p>\n<p><a href=\"https:\/\/przedszkole91.edu.wroclaw.pl\/wp-content\/uploads\/sites\/31\/2023\/03\/list-Dolnoslaskiego-Kuratora-Oswiaty20230307.pdf\">list Dolno\u015bl\u0105skiego Kuratora O\u015bwiaty20230307<\/a>[\/vc_column_text][\/vc_column][vc_column][\/vc_column][\/vc_row][vc_row][vc_column][vc_column_text]<span style=\"font-size: 14pt\"><a href=\"https:\/\/przedszkole91.edu.wroclaw.pl\/wp-content\/uploads\/sites\/31\/2022\/07\/ZASADY-ELEKTRONICZNEJ-EWIDENCJI-CZASU-POBYTU-DZIECKA.pdf\">Zasady elektronicznej ewidencji czasu pobytu dziecka (PDF 306KB)<\/a><\/span>[\/vc_column_text][vc_separator color=&#8221;custom&#8221; border_width=&#8221;2&#8243; accent_color=&#8221;#a10202&#8243;][\/vc_column][\/vc_row][vc_row][vc_column][vc_column_text css=&#8221;&#8221;]<\/p>\n<h3><strong><span style=\"font-size: 18pt\">Zasady przetwarzania danych<\/span><\/strong><\/h3>\n<p>[\/vc_column_text][vc_column_text]<span style=\"font-size: 14pt\"><a href=\"https:\/\/przedszkole91.edu.wroclaw.pl\/wp-content\/uploads\/sites\/31\/2022\/07\/Obowiazek-informacyjny.pdf\">Obowi\u0105zek informacyjny (PDF 590KB)<\/a><\/span><\/p>\n<p><span style=\"font-size: 14pt\"><a href=\"https:\/\/przedszkole91.edu.wroclaw.pl\/wp-content\/uploads\/sites\/31\/2022\/07\/Klauzula-korespondencja-e-mail.pdf\">Klauzula &#8211; korespondencja e-mail (PDF 621KB)<\/a><\/span><\/p>\n<p><span style=\"font-size: 14pt\"><a href=\"https:\/\/przedszkole91.edu.wroclaw.pl\/wp-content\/uploads\/sites\/31\/2022\/07\/Klauzula-zlozenie-pisma-w-placowce.pdf\">Klauzula &#8211; z\u0142o\u017cenie pisma w plac\u00f3wce (PDF 626KB)<\/a><\/span><\/p>\n<p><span style=\"font-size: 14pt\"><a href=\"https:\/\/przedszkole91.edu.wroclaw.pl\/wp-content\/uploads\/sites\/31\/2022\/07\/Polityka-prywatnosci.pdf\">Polityka prywatno\u015bci (PDF 725KB)<\/a><\/span><\/p>\n<p><span style=\"font-size: 14pt\"><a href=\"https:\/\/przedszkole91.edu.wroclaw.pl\/wp-content\/uploads\/sites\/31\/2022\/07\/Klauzula-rekrutacja-dziecka-do-placowki.pdf\">Klauzula &#8211; rekrutacja dziecka do plac\u00f3wki (PDF 631)<\/a><\/span><\/p>\n<p><span style=\"font-size: 14pt\"><a href=\"https:\/\/przedszkole91.edu.wroclaw.pl\/wp-content\/uploads\/sites\/31\/2022\/07\/Klauzula-przyjecia-dziecka-w-ramach-dyzuru-wakacyjnego.pdf\">Klauzula &#8211; przyj\u0119cia dziecka w ramach dy\u017curu wakacyjnego (PDF 632KB)<\/a><\/span><\/p>\n<p><span style=\"font-size: 14pt\"><a href=\"https:\/\/przedszkole91.edu.wroclaw.pl\/wp-content\/uploads\/sites\/31\/2022\/07\/Klauzula-dla-osoby-uprawnionej-do-odbioru-dziecka-z-placowki.pdf\">Klauzula &#8211; dla osoby uprawnionej do odbioru dziecka z plac\u00f3wki (PDF 701KB)<\/a><\/span><\/p>\n<p><span style=\"font-size: 14pt\"><a href=\"https:\/\/przedszkole91.edu.wroclaw.pl\/wp-content\/uploads\/sites\/31\/2022\/07\/Klauzula-rekrutacja-i-zatrudnienie.pdf\">Klauzula &#8211; rekrutacja i zatrudnienie (PDF 635KB)<\/a><\/span>[\/vc_column_text][vc_separator color=&#8221;custom&#8221; border_width=&#8221;2&#8243; accent_color=&#8221;#a10202&#8243;][vc_column_text css=&#8221;&#8221;]<a href=\"https:\/\/przedszkole91.edu.wroclaw.pl\/wp-content\/uploads\/sites\/31\/2024\/11\/Zal.-7.-Klauzula-zlozenie-pisma-w-placowce.docx\">Za\u0142. 7. Klauzula &#8211; z\u0142o\u017cenie pisma w plac\u00f3wce<\/a><\/p>\n<p><a href=\"https:\/\/przedszkole91.edu.wroclaw.pl\/wp-content\/uploads\/sites\/31\/2024\/11\/Zal.-7a.-Klauzula-zlozenie-pisma-wersja-skrocona.docx\">Za\u0142. 7a. Klauzula &#8211; z\u0142o\u017cenie pisma &#8211; wersja skr\u00f3cona<\/a><\/p>\n<p><a href=\"https:\/\/przedszkole91.edu.wroclaw.pl\/wp-content\/uploads\/sites\/31\/2024\/11\/Zal.-7b.-Klauzula-postepowanie-administracyjne.docx\">Za\u0142. 7b. Klauzula post\u0119powanie administracyjne<\/a><\/p>\n<p><a href=\"https:\/\/przedszkole91.edu.wroclaw.pl\/wp-content\/uploads\/sites\/31\/2024\/11\/Zal.-7g.-Klauzula-zamowienia-publiczne.docx\">Za\u0142. 7g. Klauzula &#8211; zam\u00f3wienia publiczne<\/a><\/p>\n<p><a href=\"https:\/\/przedszkole91.edu.wroclaw.pl\/wp-content\/uploads\/sites\/31\/2024\/11\/Zal.-7h.-Klauzula-umowa-najmu.docx\">Za\u0142. 7h. Klauzula &#8211; umowa najmu<\/a><\/p>\n<p><a href=\"https:\/\/przedszkole91.edu.wroclaw.pl\/wp-content\/uploads\/sites\/31\/2024\/11\/Zal.-7j.-Kauzula-wolontariusz.docx\">Za\u0142. 7j. Kauzula &#8211; wolontariusz<\/a><\/p>\n<p><a href=\"https:\/\/przedszkole91.edu.wroclaw.pl\/wp-content\/uploads\/sites\/31\/2024\/11\/Zal.-7k.-Klauzula-rekrutacja-pracownika.docx\">Za\u0142. 7k. Klauzula &#8211; rekrutacja pracownika<\/a><\/p>\n<p><a href=\"https:\/\/przedszkole91.edu.wroclaw.pl\/wp-content\/uploads\/sites\/31\/2024\/11\/Zal.-7l.-Klauzula-pracownik-nauczyciel.docx\">Za\u0142. 7l. Klauzula &#8211; pracownik &#8211; nauczyciel<\/a><\/p>\n<p><a href=\"https:\/\/przedszkole91.edu.wroclaw.pl\/wp-content\/uploads\/sites\/31\/2024\/11\/Zal.-7m.-Klauzula-pracownik-samorzadowy.docx\">Za\u0142. 7m. Klauzula &#8211; pracownik samorz\u0105dowy<\/a><\/p>\n<p><a href=\"https:\/\/przedszkole91.edu.wroclaw.pl\/wp-content\/uploads\/sites\/31\/2024\/11\/Zal.-7n.-Klauzula-edukacja-dziecka-w-placowce.docx\">Za\u0142. 7n. Klauzula &#8211; edukacja dziecka w plac\u00f3wce<\/a><\/p>\n<p><a href=\"https:\/\/przedszkole91.edu.wroclaw.pl\/wp-content\/uploads\/sites\/31\/2024\/11\/Zal.-7p.-Klauzula-opiekun-wycieczki.docx\">Za\u0142. 7p. Klauzula &#8211; opiekun wycieczki<\/a><\/p>\n<p><a href=\"https:\/\/przedszkole91.edu.wroclaw.pl\/wp-content\/uploads\/sites\/31\/2024\/11\/Zal.-7r.-Klauzula-przyjecie-dziecka-w-ramach-dyzuru-wakacyjnego.docx\">Za\u0142. 7r. Klauzula &#8211; przyj\u0119cie dziecka w ramach dy\u017curu wakacyjnego<\/a><\/p>\n<p><a href=\"https:\/\/przedszkole91.edu.wroclaw.pl\/wp-content\/uploads\/sites\/31\/2024\/11\/Zal.-7s-Klauzula-praca-spolecznie-uzyteczna.docx\">Za\u0142. 7s Klauzula &#8211; praca spo\u0142ecznie u\u017cyteczna<\/a><\/p>\n<p><a href=\"https:\/\/przedszkole91.edu.wroclaw.pl\/wp-content\/uploads\/sites\/31\/2024\/11\/Zal.-7u.-Klauzula-praktykanci.docx\">Za\u0142. 7u. Klauzula praktykanci<\/a>[\/vc_column_text][\/vc_column][\/vc_row][vc_row][vc_column][vc_separator][\/vc_column][\/vc_row][vc_row][vc_column][vc_column_text css=&#8221;&#8221;]<\/p>\n<h3>Zapytania ofertowe na rok 2025<\/h3>\n<p><a href=\"https:\/\/przedszkole91.edu.wroclaw.pl\/wp-content\/uploads\/sites\/31\/2024\/12\/zapytanie-ofertowe-czyszczenie-i-przeglad-kanalizacji.pdf\">zapytanie ofertowe czyszczenie i przegl\u0105d kanalizacji<\/a><\/p>\n<p><a href=\"https:\/\/przedszkole91.edu.wroclaw.pl\/wp-content\/uploads\/sites\/31\/2024\/12\/zapytanie-ofertowe-przeglad-klimatyzacji.pdf\">zapytanie ofertowe przegl\u0105d klimatyzacji<\/a><\/p>\n<p><a href=\"https:\/\/przedszkole91.edu.wroclaw.pl\/wp-content\/uploads\/sites\/31\/2024\/12\/zapytanie-ofertowe-przeglady-elektryczne.pdf\">zapytanie ofertowe przegl\u0105dy elektryczne<\/a><\/p>\n<p><a href=\"https:\/\/przedszkole91.edu.wroclaw.pl\/wp-content\/uploads\/sites\/31\/2024\/12\/Zapytanie-ofertowe-rynny-spustowe.pdf\">Zapytanie ofertowe rynny spustowe<\/a><\/p>\n<p><a href=\"https:\/\/przedszkole91.edu.wroclaw.pl\/wp-content\/uploads\/sites\/31\/2024\/12\/zapytanie-ofertowe-urzadzenia-kuchenne.pdf\">zapytanie ofertowe urz\u0105dzenia kuchenne<\/a><\/p>\n<p><a href=\"https:\/\/przedszkole91.edu.wroclaw.pl\/wp-content\/uploads\/sites\/31\/2024\/12\/zapytanie-ofertowe-uslugi-deratyzacji-1.pdf\">zapytanie ofertowe us\u0142ugi deratyzacji<\/a>[\/vc_column_text][\/vc_column][\/vc_row]<\/p>\n<\/div>","protected":false},"excerpt":{"rendered":"<p>[vc_row][vc_column][vc_column_text][\/vc_column_text][vc_empty_space][vc_column_text] Statut Przedszkola nr 91 &#8222;Nasz Domek&#8221; Statut Przedszkola nr 91[\/vc_column_text][vc_separator color=&#8221;custom&#8221; border_width=&#8221;2&#8243; accent_color=&#8221;#a10202&#8243;][vc_column_text css=&#8221;&#8221;] KSeF &#8211; wystawianie faktur dla Przedszkola nr 91 &#8222;Nasz Domek&#8221; KSeF[\/vc_column_text][vc_separator color=&#8221;custom&#8221; border_width=&#8221;2&#8243; accent_color=&#8221;#a10202&#8243;][vc_column_text css=&#8221;&#8221;] [&hellip;]<\/p>\n","protected":false},"author":72,"featured_media":0,"parent":0,"menu_order":0,"comment_status":"closed","ping_status":"closed","template":"","meta":{"footnotes":""},"class_list":["post-412","page","type-page","status-publish","hentry","clearfix"],"_links":{"self":[{"href":"https:\/\/przedszkole91.edu.wroclaw.pl\/index.php\/wp-json\/wp\/v2\/pages\/412","targetHints":{"allow":["GET"]}}],"collection":[{"href":"https:\/\/przedszkole91.edu.wroclaw.pl\/index.php\/wp-json\/wp\/v2\/pages"}],"about":[{"href":"https:\/\/przedszkole91.edu.wroclaw.pl\/index.php\/wp-json\/wp\/v2\/types\/page"}],"author":[{"embeddable":true,"href":"https:\/\/przedszkole91.edu.wroclaw.pl\/index.php\/wp-json\/wp\/v2\/users\/72"}],"replies":[{"embeddable":true,"href":"https:\/\/przedszkole91.edu.wroclaw.pl\/index.php\/wp-json\/wp\/v2\/comments?post=412"}],"version-history":[{"count":59,"href":"https:\/\/przedszkole91.edu.wroclaw.pl\/index.php\/wp-json\/wp\/v2\/pages\/412\/revisions"}],"predecessor-version":[{"id":5286,"href":"https:\/\/przedszkole91.edu.wroclaw.pl\/index.php\/wp-json\/wp\/v2\/pages\/412\/revisions\/5286"}],"wp:attachment":[{"href":"https:\/\/przedszkole91.edu.wroclaw.pl\/index.php\/wp-json\/wp\/v2\/media?parent=412"}],"curies":[{"name":"wp","href":"https:\/\/api.w.org\/{rel}","templated":true}]}}