
{"id":446,"date":"2022-07-19T10:54:01","date_gmt":"2022-07-19T08:54:01","guid":{"rendered":"https:\/\/przedszkole91.edu.wroclaw.pl\/?page_id=446"},"modified":"2026-02-23T13:43:14","modified_gmt":"2026-02-23T12:43:14","slug":"rozklad-dznia","status":"publish","type":"page","link":"https:\/\/przedszkole91.edu.wroclaw.pl\/index.php\/rozklad-dznia\/","title":{"rendered":"Rozk\u0142ad dnia"},"content":{"rendered":"<div class=\"wpb-content-wrapper\"><p>[vc_row][vc_column][vc_column_text css=&#8221;&#8221;]<\/p>\n<h2 class=\"elementor-heading-title elementor-size-default\"><span style=\"font-size: 18pt\">Ramowy rozk\u0142ad dnia na rok szkolny 2025\/2026 dla dzieci 3 i 4 letnich<\/span><\/h2>\n<p>[\/vc_column_text][vc_column_text]<span style=\"font-size: 14pt\"><b>6.30-8.15<\/b> Zabawy dowolne wed\u0142ug zainteresowa\u0144 dzieci: manipulacyjne, konstrukcyjne, tematyczne, dydaktyczne. Praca indywidualna z dzieckiem.<\/span><\/p>\n<p><span style=\"font-size: 14pt\"><b>8.15-8.30<\/b>\u00a0Zabawy muzyczno-ruchowe, \u0107wiczenia artykulacyjne &#8222;Gimnastyka buzi i j\u0119zyka&#8221;.<\/span><\/p>\n<p><span style=\"font-size: 14pt\"><b>8.30-8.40<\/b>\u00a0Czynno\u015bci higieniczno-porz\u0105dkowe<\/span><\/p>\n<p><span style=\"font-size: 14pt\"><b>8.40-9.00<\/b>\u00a0I \u015bniadanie<\/span><\/p>\n<p><span style=\"font-size: 14pt\"><b>9.00-9.30<\/b>\u00a0Zaj\u0119cia dydaktyczne<\/span><\/p>\n<p><span style=\"font-size: 14pt\"><b>9.30-10.00<\/b>\u00a0Przygotowanie do wyj\u015bcia do ogrodu przedszkolnego<\/span><\/p>\n<p><span style=\"font-size: 14pt\"><b>10.00-11.15<\/b>\u00a0Zabawy w ogrodzie przedszkolnym, spacery, obserwacje przyrodnicze lub\/i zaj\u0119cia sportowe, gry i zabawy ruchowe w sali<\/span><\/p>\n<p><span style=\"font-size: 14pt\"><b>11.15-11.30<\/b>\u00a0Powr\u00f3t z ogrodu, czynno\u015bci higieniczno-porz\u0105dkowe<\/span><\/p>\n<p><span style=\"font-size: 14pt\"><b>11.30-12.00<\/b>\u00a0II \u015bniadanie<\/span>[\/vc_column_text][vc_separator color=&#8221;custom&#8221; border_width=&#8221;2&#8243; el_width=&#8221;80&#8243; css_animation=&#8221;bounceInRight&#8221; accent_color=&#8221;#a10202&#8243;][\/vc_column][\/vc_row][vc_row][vc_column][vc_column_text]<\/p>\n<h2 class=\"elementor-heading-title elementor-size-default\"><span style=\"font-size: 18pt\">3 latki<\/span><\/h2>\n<p>[\/vc_column_text][vc_column_text]<span style=\"font-size: 14pt\"><b>12.00-13.45<\/b>\u00a0Odpoczynek na le\u017cakach, s\u0142uchanie bajek i muzyki relaksacyjnej<\/span><\/p>\n<p><span style=\"font-size: 14pt\"><b>13.45-14.00<\/b>\u00a0Czynno\u015bci higieniczno-porz\u0105dkowe<\/span>[\/vc_column_text][vc_separator color=&#8221;custom&#8221; border_width=&#8221;2&#8243; el_width=&#8221;80&#8243; css_animation=&#8221;bounceInRight&#8221; accent_color=&#8221;#a10202&#8243;][\/vc_column][\/vc_row][vc_row][vc_column][vc_column_text]<\/p>\n<h2 class=\"elementor-heading-title elementor-size-default\"><span style=\"font-size: 18pt\">4 latki<\/span><\/h2>\n<p>[\/vc_column_text][vc_column_text]<span style=\"font-size: 14pt\"><b>12.00-12.30<\/b>\u00a0Relaksacja (s\u0142uchanie muzyki, bajek, ba\u015bni, opowiada\u0144)<\/span><\/p>\n<p><span style=\"font-size: 14pt\"><b>12.30-13.45<\/b>\u00a0Zaj\u0119cia dodatkowe: rozwijanie zdolno\u015bci i zainteresowa\u0144 dzieci, zabawy tematyczne<\/span><\/p>\n<p><span style=\"font-size: 14pt\"><b>13.45-14.00<\/b>\u00a0Czynno\u015bci higieniczno-porz\u0105dkowe<\/span>[\/vc_column_text][vc_separator color=&#8221;custom&#8221; border_width=&#8221;2&#8243; el_width=&#8221;80&#8243; css_animation=&#8221;bounceInRight&#8221; accent_color=&#8221;#a10202&#8243;][\/vc_column][\/vc_row][vc_row][vc_column][vc_column_text]<\/p>\n<h2 class=\"elementor-heading-title elementor-size-default\"><span style=\"font-size: 18pt\">3-4 latki<\/span><\/h2>\n<p>[\/vc_column_text][vc_column_text]<span style=\"font-size: 14pt\"><b>14.00-14.30<\/b>\u00a0Obiad<\/span><\/p>\n<p><span style=\"font-size: 14pt\"><b>14.30-17.00<\/b>\u00a0Gry i zabawy ruchowe w sali, praca indywidualna z dzieckiem. Zabawy dowolne wed\u0142ug zainteresowa\u0144: manipulacyjne, konstrukcyjne, tematyczne, dydaktyczne.<\/span>[\/vc_column_text][vc_separator color=&#8221;custom&#8221; border_width=&#8221;2&#8243; el_width=&#8221;80&#8243; css_animation=&#8221;bounceInRight&#8221; accent_color=&#8221;#a10202&#8243;][\/vc_column][\/vc_row][vc_row][vc_column][vc_column_text css=&#8221;&#8221;]<\/p>\n<h2 class=\"elementor-heading-title elementor-size-default\"><span style=\"font-size: 18pt\">Ramowy rozk\u0142ad dnia na rok szkolny 2025\/2026 dla dzieci 5 i 6 letnich<\/span><\/h2>\n<p>[\/vc_column_text][vc_column_text]<span style=\"font-size: 14pt\"><b>6.30-8.00<\/b>\u00a0Zabawy dowolne wed\u0142ug zainteresowa\u0144 dzieci: manipulacyjne, konstrukcyjne, tematyczne, dydaktyczne. Praca indywidualna z dzieckiem<\/span><\/p>\n<p><span style=\"font-size: 14pt\"><b>8.00-8.30<\/b>\u00a0Zabawa muzyczno-ruchowa, zestaw \u0107wicze\u0144 porannych, \u0107wiczenia artykulacyjne &#8222;Gimnastyka buzi i j\u0119zyka&#8221;<\/span><\/p>\n<p><span style=\"font-size: 14pt\"><b>8.30-8.40<\/b>\u00a0Czynno\u015bci higieniczno-porz\u0105dkowe<\/span><\/p>\n<p><span style=\"font-size: 14pt\"><b>8.40-9.00<\/b>\u00a0I \u015bniadanie<\/span><\/p>\n<p><span style=\"font-size: 14pt\"><b>9.00-10.00<\/b>\u00a0Zaj\u0119cia dydaktyczne<\/span><\/p>\n<p><span style=\"font-size: 14pt\"><b>10.00-10.15<\/b>\u00a0Przygotowanie do wyj\u015bcia do ogrodu przedszkolnego<\/span><\/p>\n<p><span style=\"font-size: 14pt\"><b>10.15-11.15<\/b>\u00a0Zabawy w ogrodzie przedszkolnym, spacery, obserwacje przyrodnicze lub\/i zaj\u0119cia sportowe, gry i zabawy ruchowe w sali<\/span><\/p>\n<p><span style=\"font-size: 14pt\"><b>11.15-11.30<\/b>\u00a0Powr\u00f3t z ogrodu, czynno\u015bci higieniczno-porz\u0105dkowe<\/span><\/p>\n<p><span style=\"font-size: 14pt\"><b>11.30-12.00<\/b>\u00a0II \u015bniadanie<\/span><\/p>\n<p><span style=\"font-size: 14pt\"><b>12.00-12.15<\/b>\u00a0Relaksacja (s\u0142uchanie muzyki, bajek, ba\u015bni, opowiada\u0144)<\/span><\/p>\n<p><span style=\"font-size: 14pt\"><b>12.15-13.30<\/b>\u00a0Zaj\u0119cia dodatkowe: rozwijanie zdolno\u015bci i zainteresowa\u0144 dzieci, zabawy tematyczne, zabawy w ogrodzie przedszkolnym<\/span><\/p>\n<p><span style=\"font-size: 14pt\"><b>13.30-13.45<\/b>\u00a0Czynno\u015bci higieniczno-porz\u0105dkowe<\/span><\/p>\n<p><span style=\"font-size: 14pt\"><b>13.45-14.15<\/b>\u00a0Obiad<\/span><\/p>\n<p><span style=\"font-size: 14pt\"><b>14.15-17.00<\/b>\u00a0Zabawy w ogrodzie przedszkolnym, spacery, obserwacje przyrodnicze lub\/i gry i zabawy ruchowe w sali lub w sali (metoda ruchu Rozwijaj\u0105cego W. Sherborne, metoda Gimnastyki Tw\u00f3rczej R. Labana, metoda Kinezjologii Edukacyjnej P. Dennisona), praca indywidualna z dzieckiem.<\/span><br \/>\n<span style=\"font-size: 14pt\">Zabawy dowolne wed\u0142ug zainteresowa\u0144: manipulacyjne, konstrukcyjne, tematyczne, dydaktyczne<\/span>[\/vc_column_text][vc_separator color=&#8221;custom&#8221; border_width=&#8221;2&#8243; el_width=&#8221;80&#8243; css_animation=&#8221;bounceInRight&#8221; accent_color=&#8221;#a10202&#8243;][\/vc_column][\/vc_row][vc_row][vc_column][\/vc_column][\/vc_row]<\/p>\n<\/div>","protected":false},"excerpt":{"rendered":"<p>[vc_row][vc_column][vc_column_text css=&#8221;&#8221;] Ramowy rozk\u0142ad dnia na rok szkolny 2025\/2026 dla dzieci 3 i 4 letnich [\/vc_column_text][vc_column_text]6.30-8.15 Zabawy dowolne wed\u0142ug zainteresowa\u0144 dzieci: manipulacyjne, konstrukcyjne, tematyczne, dydaktyczne. Praca indywidualna z dzieckiem. 8.15-8.30\u00a0Zabawy [&hellip;]<\/p>\n","protected":false},"author":72,"featured_media":0,"parent":0,"menu_order":0,"comment_status":"closed","ping_status":"closed","template":"","meta":{"footnotes":""},"class_list":["post-446","page","type-page","status-publish","hentry","clearfix"],"_links":{"self":[{"href":"https:\/\/przedszkole91.edu.wroclaw.pl\/index.php\/wp-json\/wp\/v2\/pages\/446","targetHints":{"allow":["GET"]}}],"collection":[{"href":"https:\/\/przedszkole91.edu.wroclaw.pl\/index.php\/wp-json\/wp\/v2\/pages"}],"about":[{"href":"https:\/\/przedszkole91.edu.wroclaw.pl\/index.php\/wp-json\/wp\/v2\/types\/page"}],"author":[{"embeddable":true,"href":"https:\/\/przedszkole91.edu.wroclaw.pl\/index.php\/wp-json\/wp\/v2\/users\/72"}],"replies":[{"embeddable":true,"href":"https:\/\/przedszkole91.edu.wroclaw.pl\/index.php\/wp-json\/wp\/v2\/comments?post=446"}],"version-history":[{"count":15,"href":"https:\/\/przedszkole91.edu.wroclaw.pl\/index.php\/wp-json\/wp\/v2\/pages\/446\/revisions"}],"predecessor-version":[{"id":5293,"href":"https:\/\/przedszkole91.edu.wroclaw.pl\/index.php\/wp-json\/wp\/v2\/pages\/446\/revisions\/5293"}],"wp:attachment":[{"href":"https:\/\/przedszkole91.edu.wroclaw.pl\/index.php\/wp-json\/wp\/v2\/media?parent=446"}],"curies":[{"name":"wp","href":"https:\/\/api.w.org\/{rel}","templated":true}]}}